{"id":232,"date":"2020-02-26T00:07:32","date_gmt":"2020-02-25T23:07:32","guid":{"rendered":"https:\/\/www.ranimo.de\/?page_id=232"},"modified":"2020-02-26T00:07:33","modified_gmt":"2020-02-25T23:07:33","slug":"datenschutz","status":"publish","type":"page","link":"https:\/\/www.ranimo.de\/index.php\/datenschutz\/","title":{"rendered":"Datenschutz"},"content":{"rendered":"\n<h3 class=\"wp-block-heading\">Datenschutzerkl\u00e4rung von RANIMO e.V.<\/h3>\n\n\n\n<p>Mit  dieser Datenschutzerkl\u00e4rung m\u00f6chten wir, RANIMO e.V., Sie dar\u00fcber informieren, wie wir personenbezogene Daten  \u00fcber Sie als Besucher unserer Website (www.ranimo.de) verarbeiten und  nutzen. RANIMO e.V. h\u00e4lt sich an die  Anforderungen der EU-Datenschutzgrundverordnung (DSGVO) und des  Bundesdatenschutzgesetzes (BDSG).  <\/p>\n\n\n\n<p class=\"has-background has-very-light-gray-background-color\">1. Welche personenbezogenen Daten verarbeiten wir wof\u00fcr und auf welcher Rechtsgrundlage? <\/p>\n\n\n\n<p class=\"has-background has-very-light-gray-background-color\">Personenbezogene  Daten sind alle Angaben \u00fcber eine bestimmte oder bestimmbare nat\u00fcrliche  Person, die Sie uns mitteilen, die bei uns entstehen oder sonst von uns  erhoben werden. Im Zusammenhang mit der Nutzung unseres Webseite  verarbeiten wir die folgenden personenbezogenen Daten \u00fcber Sie:<\/p>\n\n\n\n<p class=\"has-background has-very-light-gray-background-color\">-1.1 Eingabe von Daten in das Kontaktformular (derzeit Mitgliedsantrag) >>> Sie  haben die M\u00f6glichkeit, in den von uns bereit gestellten  Formularen auf dieser Webseite Ihre Daten einzugeben oder uns per  E-Mail Ihre Daten zu \u00fcbersenden, um mit uns in Kontakt zu treten. <\/p>\n\n\n\n<p class=\"has-background has-very-light-gray-background-color\">-1.1.1 Umfang und Zweck der Datenverarbeitung >>>                                       Sofern  sich aus Ihrer Angabe ergibt, dass Sie sich daf\u00fcr interessieren,  Mitglied unseres Vereins RANIMO e.V. zu werden, werden wir Ihre Daten zum  Zweck der Anbahnung und Durchf\u00fchrung Ihrer Vereinsmitgliedschaft verarbeiten und sie nur auf Anfrage an \u00f6ffentliche Institutionen \u00fcbermitteln, sofern diese zum Zeitpunkt der Anfrage daf\u00fcr durch jeweils geltende aktuelle deutsche Gesetztgebung dazu berechtigt sind. Wir speichern und verarbeiten die o.g. Daten, um Ihre Anfragen  zu beantworten oder Ihnen angeforderte Informationen zur Verf\u00fcgung  stellen zu k\u00f6nnen. <\/p>\n\n\n\n<p class=\"has-background has-very-light-gray-background-color\">-1.1.2 Rechtsgrundlage f\u00fcr die Datenverarbeitung >>>                           Rechtsgrundlage  f\u00fcr die Verarbeitung der Daten ist Art. 6 Abs. 1 lit. a DSGVO, sofern  Sie mit Ihrem Mitgliedsantrag\/Ihrer Beitrittserkl\u00e4rung (konkludent) Ihre Einwilligung zur  Verarbeitung der Daten erkl\u00e4ren. Zielt E-Mail-Kontakt auf den  Abschluss eines Vertrages ab, so ist zus\u00e4tzliche Rechtsgrundlage f\u00fcr die  Verarbeitung Art. 6 Abs. 1 lit. b DSGVO. F\u00fcr weitere Arten von Anfragen  kann Art. 6 Abs. 1 lit. f DSGVO Rechtsgrundlage sein, da es dann in unserem Interesse liegt, die Daten zum Zweck der Durchf\u00fchrung Ihres Anliegens zu verarbeiten. <\/p>\n\n\n\n<p class=\"has-background has-very-light-gray-background-color\">-1.1.3 Dauer der Speicherung >>>                                                                                Die  Daten werden gel\u00f6scht, sobald sie f\u00fcr die Erreichung des Zweckes ihrer  Erhebung nicht mehr erforderlich sind. Eine Speicherung Ihrer  personenbezogenen Daten kann dar\u00fcber hinaus erfolgen, wenn dies in  unionsrechtlichen und nationalen Verordnungen, Gesetzen oder sonstigen  Vorschriften, denen wir unterliegen, vorgesehen ist. <\/p>\n\n\n\n<p class=\"has-background has-very-light-gray-background-color\">-1.2 \u00dcbermittlung von Bewerberdaten (E-Mail Mitgliedsantrag) >>>                           Sie  haben die M\u00f6glichkeit, Ihren Mitgliedsantrag per E-Mail zu  \u00fcbersenden, um sich online zu bewerben. Im Zuge Ihres Mitgliedsantrags werden  die nachfolgend aufgez\u00e4hlten pers\u00f6nlichen Bewerbungsdaten von Ihnen erhoben und verarbeitet: Kontaktdaten aus dem Mitgliedsantrag wie Name, Vorname, Adresse,  Geb.datum, Telefonnummern, E-Mail, Beruf. <\/p>\n\n\n\n<p class=\"has-background has-very-light-gray-background-color\">-1.2.1 Umfang und Zweck der Datenverarbeitung >>>                                           Wir  speichern und verarbeiten Ihre Angaben ausschlie\u00dflich zweckgebunden f\u00fcr  die Mitgliederdatei. Zugang zu den Daten haben nur autorisierte  Mitglieder.<\/p>\n\n\n\n<p class=\"has-background has-very-light-gray-background-color\">-1.2.2 Rechtsgrundlage f\u00fcr die Datenverarbeitung >>>                                        Rechtsgrundlage f\u00fcr die Verarbeitung der Daten ist Art. 6 Abs. 1 lit.b DSGVO (Durchf\u00fchrung vorvertraglicher Ma\u00dfnahmen).<\/p>\n\n\n\n<p class=\"has-background has-very-light-gray-background-color\">-1.2.3 Dauer der Speicherung >>>                                                                                 Die  Daten werden zeitnah nach Beendigung der Mitgliedschaft gel\u00f6scht, jedoch sp\u00e4testens 6 Monate danach. <\/p>\n\n\n\n<p class=\"has-background has-very-light-gray-background-color\">-1.2.4 Besonderheit: Datenerfassung Minderj\u00e4hriger >>>                                         Personen, die das 18. Lebensjahr noch nicht vollendet haben, bed\u00fcrfen der Einwilligung ihres gesetzlichen Vertreters.<\/p>\n\n\n\n<p class=\"has-background has-very-light-gray-background-color\">-1.3 Widerrufsm\u00f6glichkeiten f\u00fcr Kontaktformulare >>>                                          Sie  haben jederzeit die M\u00f6glichkeit, Ihre Einwilligung zur Verarbeitung der  personenbezogenen Daten f\u00fcr die Zukunft zu widerrufen. In einem solchen  Fall kann die Kommunikation nicht fortgef\u00fchrt werden. Eine sofortige Beendigung der Vereinsmitgliedschaft ist die Folge.                                       Alle  personenbezogenen Daten, die im Zuge der Mitgliedschaft gespeichert  wurden, werden in diesem Fall gel\u00f6scht, es sei denn, dass wir aus  rechtlichen Gr\u00fcnden (z.B. vereinssrechtliche Aufbewahrungspflichten) zu  deren fortlaufender Speicherung verpflichtet sind.<\/p>\n\n\n\n<p class=\"has-background has-very-light-gray-background-color\">-1.4 Nutzungsdaten\/Verkehrsdaten >>>                                                               Dar\u00fcber  hinaus erheben wir mit Hilfe von sog. Cookies auch Nutzungsdaten \u00fcber  die Besuche auf unserer Webseite. Siehe hierzu im Detail unten Ziffer 3.  <\/p>\n\n\n\n<p class=\"has-background has-very-light-gray-background-color\">-1.5 Server-Logdaten >>>                                                                                                     Wenn  Sie unsere Website nutzen, werden auf unseren Servern hier\u00fcber Daten  (wie Datum und Uhrzeit Ihres Besuchs, aufgerufene Seiten und  angeforderte Dateien, Typ und Version des von Ihnen verwendeten  Webbrowsers, Typ und Betriebssystem des von Ihnen verwendeten Endger\u00e4ts  sowie Ihre IP-Adresse) tempor\u00e4r in einer Protokolldatei gespeichert. Die  Verarbeitung der Server-Logdaten ist zur Bereitstellung der Webseiten  und zur Erbringung der Dienste aus technischen Gr\u00fcnden und danach zur  Sicherstellung der Systemsicherheit erforderlich. Rechtsgrundlage f\u00fcr  die Verarbeitung ist unser berechtigtes Interesse, die Webseite mit  unseren Diensten bereitzustellen (Art. 6 (1) lit. f DSGVO). Die  Verarbeitung ist f\u00fcr die Nutzung unserer Webseite zwingend erforderlich,  ein Widerspruchsrecht besteht nicht. Diese Daten werden sp\u00e4testens nach  30 Tagen gel\u00f6scht. <\/p>\n\n\n\n<p class=\"has-background has-very-light-gray-background-color\">-2. Verlinkungen >>>                                                                                                        Wir  verwenden Verlinkungen auf andere Internetpr\u00e4senzen von uns bei  Websites und Diensten Dritter, z.B. auf Social-Media Kan\u00e4len wie Facebook, Instagram, Twitter oder Youtube. F\u00fcr die Datenverarbeitung von solchen  anderen Dienste-Erbringern auf deren Websites sind ausschlie\u00dflich diese  Dritte verantwortlich und es gelten deren Datenschutzhinweise. <\/p>\n\n\n\n<p class=\"has-background has-very-light-gray-background-color\">-3. Cookies >>>                                                                                                                  Um  unsere Website m\u00f6glichst benutzerfreundlich zu gestalten und um die  Relevanz unsere Werbung f\u00fcr die Besucher unserer Website zu steigern,  benutzen wir und unsere Partner so genannte \u201eCookies\u201c. Cookies sind  kleine Dateien, die auf der Festplatte eines Besuchers abgelegt werden.  Sie erlauben es, Informationen \u00fcber einen bestimmten Zeitraum  vorzuhalten und den Rechner des Besuchers zu identifizieren. Dies  geschieht teils auch unter Verwendung sogenannter Tracking-Pixel, die  nicht auf der Festplatte eines Besuchers abgelegt werden, aber in  gleicher Weise wie ein Cookie bei der Identifikation des Rechners  behilflich sein k\u00f6nnen. Im Folgenden sind unter dem Begriff \u201eCookie\u201c  sowohl Cookies im technischen Sinne als auch Tracking Pixel und \u00e4hnliche  technische Methoden erfasst. Sofern Sie zum ersten Mal unsere Website  besuchen, wird Ihnen auf Ihrer Einstiegsseite der Hinweis zum Datenschutz mit dem Einwilligungstext in Cookies angezeigt. Sofern Sie  dann mit der Nutzung der Website fortfahren und der Nutzung von Cookies nicht widersprechen, wird diese Einwilligung auf Ihrem Browser gespeichert, damit wir Ihnen diesen Hinweis nicht auf jeder Seite erneut anzeigen m\u00fcssen. Sofern dieser Hinweis in Ihrem Browser fehlt (z.B.  indem Sie den Browserverlauf l\u00f6schen), wird dieser Hinweis bei einem erneuten Besuch unserer Website eingeblendet<\/p>\n\n\n\n<p class=\"has-background has-very-light-gray-background-color\">-3.1 Welche Cookies verwenden wir? >>>                                                                 Auf  unserer Website verwenden wir zwei Kategorien von Cookies:              (1)  Technisch notwendige Cookies, ohne die die Funktionalit\u00e4t unserer  Webseiten eingeschr\u00e4nkt w\u00e4re und                                                                       (2) optionale Analyse-, Targeting- bzw.  Werbe-Cookies. <\/p>\n\n\n\n<p class=\"has-background has-very-light-gray-background-color\">-3.1.1 Technisch notwendige Cookies >>>                                                                 Diese  Cookies sind unerl\u00e4sslich, um es Ihnen zu erm\u00f6glichen, sich auf unserer Website zu bewegen und ihre Funktionen zu nutzen. Sie sammeln keine Informationen \u00fcber Sie, die f\u00fcr Marketing-Zwecke verwendet werden sollen  oder die speichern, wo Sie im Internet gewesen sind. Diese Cookies sind  sitzungsspezifisch und laufen nach Ihrem Besuch auf der Website  (Sitzung) ab. Die Deaktivierung dieser Kategorie von Cookies w\u00fcrde die  Funktionen der Website insgesamt oder von Teilen davon einschr\u00e4nken.<\/p>\n\n\n\n<p class=\"has-background has-very-light-gray-background-color\">-3.1.2 Analyse-Cookies >>>                                                                                         Analyse-Cookies  erfassen Informationen dar\u00fcber, wie Besucher insgesamt eine Webseite  nutzen, zum Beispiel, welche Seiten sie am h\u00e4ufigsten aufrufen und ob sie Fehlermeldungen von Websites erhalten. Diese Cookies erheben keine  Daten, anhand derer Besucher identifiziert werden k\u00f6nnen. Alle mit Hilfe  dieser Cookies erhobenen Informationen dienen ausschlie\u00dflich dazu, die  Funktionalit\u00e4t und den Service der Webseite zu verstehen und zu  verbessern. Die Deaktivierung dieser Kategorie von Cookies  beeintr\u00e4chtigt die Funktionalit\u00e4ten unserer Website nicht. Derzeit  verwenden wir Cookies bzw. Tracking-Technologie dieser Kategorie von  Google Analytics (Ziffer 3.1.2).  <\/p>\n\n\n\n<p class=\"has-background has-very-light-gray-background-color\">-3.1.2 (Google Analytics) >>>                                                                                         Wir  verwenden zur Analyse dieser Website Google Analytics, einen  Webanalysedienst der Google Inc. Die durch die Nutzung von Google  Analytics erzeugten Informationen \u00fcber Ihre Benutzung dieser Website  werden an einen Server von Google in den USA \u00fcbertragen und dort  gespeichert. Durch die Aktivierung der IP-Anonymisierung auf dieser  Website wird Ihre IP-Adresse von Google jedoch innerhalb von  Mitgliedstaaten der Europ\u00e4ischen Union oder in anderen Vertragsstaaten  des Abkommens \u00fcber den Europ\u00e4ischen Wirtschaftsraum zuvor gek\u00fcrzt. Diese Website nutzt Funktionen des Webanalysedienstes Google Analytics.  Anbieter ist die Google Inc. 1600 Amphitheatre Parkway Mountain View, CA  94043, USA. Google Analytics verwendet sog. &#8222;Cookies&#8220;. Die durch Cookie erzeugten Informationen \u00fcber Ihre Benutzung dieser Website werden  in der Regel an einen Server von Google in den USA \u00fcbertragen und dort  gespeichert. Im Falle der Aktivierung der IP-Anonymisierung auf dieser  Website wird Ihre IP-Adresse von Google jedoch innerhalb von  Mitgliedstaaten der Europ\u00e4ischen Union oder in anderen Vertragsstaaten  des Abkommens \u00fcber den Europ\u00e4ischen Wirtschaftsraum zuvor gek\u00fcrzt. Nur  in Ausnahmef\u00e4llen wird die volle IP-Adresse an einen Server von Google  in den USA \u00fcbertragen und dort gek\u00fcrzt. Im Auftrag des Betreibers dieser  Website wird Google diese Informationen benutzen, um Ihre Nutzung der  Website auszuwerten, um Reports \u00fcber die Websiteaktivit\u00e4ten  zusammenzustellen und um weitere mit der Websitenutzung und der  Internetnutzung verbundene Dienstleistungen gegen\u00fcber dem  Websitebetreiber zu erbringen. Die im Rahmen von Google Analytics von  Ihrem Browser \u00fcbermittelte IP-Adresse wird nicht mit anderen Daten von  Google zusammengef\u00fchrt. Sie k\u00f6nnen die Speicherung der Cookies durch  eine entsprechende Einstellung Ihrer Browser-Software verhindern; wir  weisen Sie jedoch darauf hin, dass Sie in diesem Fall gegebenenfalls  nicht s\u00e4mtliche Funktionen dieser Website vollumf\u00e4nglich werden nutzen  k\u00f6nnen. Sie k\u00f6nnen dar\u00fcber hinaus die Erfassung der durch das Cookie  erzeugten und auf Ihre Nutzung der Website bezogenen Daten (inkl. Ihrer  IP-Adresse) an Google sowie die Verarbeitung dieser Daten durch Google  verhindern, indem sie das unter dem folgenden Link verf\u00fcgbare  Browser-Plugin herunterladen und installieren:  http:\/\/tools.google.com\/dlpage\/gaoptout?hl=de. Alternativ zum  Browser-Add-On oder innerhalb von Browsern auf mobilen Ger\u00e4ten klicken Sie bitte diesen Link, um die Erfassung durch Google Analytics innerhalb  dieser Website zuk\u00fcnftig zu verhindern (das Opt Out funktioniert nur in  dem Browser und nur f\u00fcr diese Domain). Dabei wird ein Opt-Out-Cookie  auf Ihrem Ger\u00e4t abgelegt. L\u00f6schen Sie Ihre Cookies in diesem Browser, m\u00fcssen Sie diesen Link erneut klicken. Die Deaktivierung dieser  Kategorie von Cookies beeintr\u00e4chtigt die Funktionalit\u00e4ten unserer  Website nicht. <\/p>\n\n\n\n<p class=\"has-background has-very-light-gray-background-color\">-3.2 Rechtsgrundlage >>>                                                                                              Wir  verarbeiten die \u00fcber Cookies generierten Daten auf der Grundlage von  Art. 6 Abs. 1 lit. f DSGVO, da es in unserem Interesse liegt, die  Qualit\u00e4t unserer Website und ihre Inhalte zu verbessern und wir durch  die Cookies erfahren, wie die Website genutzt wird. Sie k\u00f6nnen der  Verarbeitung der mit Hilfe von Cookies erhobenen Daten jederzeit  widersprechen, indem Sie die oben bereitgestellten Opt-Out-Links  klicken. <\/p>\n\n\n\n<p class=\"has-background has-very-light-gray-background-color\">-4. Weitergabe an Dritte >>>                                                                                  Abgesehen von den oben erw\u00e4hnten Ausnahmen (Ziffer 1.1) bei Anfragen von Ihrer  Seite \u00fcber das Kontaktformular \u00fcbermitteln wir Ihre personenbezogenen  Daten nicht an Dritte. Wir betreiben insbesondere keinen Adress- oder  Datenhandel. Ihre Daten werden nur von uns selbst oder  vertrauensw\u00fcrdigen Dienstleistern, die f\u00fcr uns im Rahmen von  Auftragsverarbeitungsvereinbarungen IT-Leistungen erbringen,  verarbeitet. <\/p>\n\n\n\n<p class=\"has-background has-very-light-gray-background-color\">-5. Sicherheit >>>                                                                                                            Wir  ergreifen angemessene technische und organisatorische Ma\u00dfnahmen,  insbesondere um zu gew\u00e4hrleisten, dass Ihre personenbezogenen Daten vor  Verlust, unrichtigen Ver\u00e4nderungen oder unberechtigten Zugriffen Dritter gesch\u00fctzt sind. Die Ma\u00dfnahmen werden st\u00e4ndig den verbesserten  technischen M\u00f6glichkeiten angepasst.<\/p>\n\n\n\n<p class=\"has-background has-very-light-gray-background-color\">-6. Kontaktinformationen >>>                                                                                     Ihre  Fragen und Anregungen zum Thema Datenschutz sind uns sehr willkommen  und wichtig. Sie k\u00f6nnen uns unter der im Impressum genannten Gesch\u00e4ftsstellenadresse oder per Email unter service@ranimo.de erreichen. Wir weisen darauf hin, dass wir f\u00fcr die Verarbeitung Ihrer personenbezogenen Daten verantwortlich sind (Art. 26  DSGVO). Zur Geltendmachung Ihrer datenschutzrechtlichen Rechte wenden  Sie sich bitte an uns. <\/p>\n\n\n\n<p class=\"has-background has-very-light-gray-background-color\">-7. Ihre Rechte >>>                                                                                                           Sie  sind nach der DSGVO berechtigt, von uns Auskunft, Berichtigung,  L\u00f6schung und Einschr\u00e4nkung der Verarbeitung zu verlangen, Ihr Recht auf  \u00dcbertragbarkeit der Daten und Ihr oben beschriebenes Widerspruchsrecht  geltend zu machen sowie erteilte Einwilligungen zu widerrufen. Sofern  die DSGVO diese Rechte an Voraussetzungen kn\u00fcpft, gilt dies jedoch nur,  wenn diese erf\u00fcllt sind. Nutzen Sie zur Geltendmachung Ihrer Rechte  bitte die oben angegebenen Kontaktdaten. Bei der Geltendmachung ist Ihre  Identit\u00e4t nachzuweisen, um Ausk\u00fcnfte gegen\u00fcber unberechtigten Dritten  zu vermeiden. Zudem sind Sie berechtigt, Beschwerde bei der zust\u00e4ndigen  Aufsichtsbeh\u00f6rde einzulegen. Die f\u00fcr uns zust\u00e4ndige Aufsichtsbeh\u00f6rde ist  der Landesbeauftragte f\u00fcr Datenschutz und Informationsfreiheit mit Anschrift Kurt-Schumacher-Allee 4, 20097 Hamburg. Sofern Sie  Zweifel an der Rechtsm\u00e4\u00dfigkeit der Verarbeitung Ihrer Daten haben,  informieren Sie uns bitte, so dass wir dies kl\u00e4ren k\u00f6nnen. <\/p>\n\n\n\n<p class=\"has-background has-very-light-gray-background-color\">-8. \u00c4nderungen der Datenschutzerkl\u00e4rung >>>                                                           Von  Zeit zu Zeit kann es erforderlich sein, den Inhalt der vorliegenden  Datenschutzhinweise anzupassen. Wir behalten uns daher vor, diese  jederzeit zu \u00e4ndern. Wir werden die ge\u00e4nderte Version der  Datenschutzhinweise ebenfalls an dieser Stelle ver\u00f6ffentlichen. Wenn Sie  uns wieder besuchen, sollten Sie sich daher die Datenschutzhinweise  erneut durchlesen.                                                                                                       Diese aktuelle Version wurde ver\u00f6ffentlicht am 25.02.2020. &lt;&lt;&lt;end>>> <\/p>\n","protected":false},"excerpt":{"rendered":"<p>Datenschutzerkl\u00e4rung von RANIMO e.V. Mit dieser Datenschutzerkl\u00e4rung m\u00f6chten wir, RANIMO e.V., Sie dar\u00fcber informieren, wie wir personenbezogene Daten \u00fcber Sie als Besucher unserer Website (www.ranimo.de) verarbeiten und nutzen. RANIMO e.V. h\u00e4lt sich an die Anforderungen der EU-Datenschutzgrundverordnung (DSGVO) und des Bundesdatenschutzgesetzes (BDSG). 1. Welche personenbezogenen Daten verarbeiten wir wof\u00fcr und auf welcher Rechtsgrundlage? Personenbezogene Daten [&hellip;]<\/p>\n","protected":false},"author":2,"featured_media":0,"parent":0,"menu_order":0,"comment_status":"closed","ping_status":"closed","template":"","meta":{"footnotes":""},"_links":{"self":[{"href":"https:\/\/www.ranimo.de\/index.php\/wp-json\/wp\/v2\/pages\/232"}],"collection":[{"href":"https:\/\/www.ranimo.de\/index.php\/wp-json\/wp\/v2\/pages"}],"about":[{"href":"https:\/\/www.ranimo.de\/index.php\/wp-json\/wp\/v2\/types\/page"}],"author":[{"embeddable":true,"href":"https:\/\/www.ranimo.de\/index.php\/wp-json\/wp\/v2\/users\/2"}],"replies":[{"embeddable":true,"href":"https:\/\/www.ranimo.de\/index.php\/wp-json\/wp\/v2\/comments?post=232"}],"version-history":[{"count":9,"href":"https:\/\/www.ranimo.de\/index.php\/wp-json\/wp\/v2\/pages\/232\/revisions"}],"predecessor-version":[{"id":241,"href":"https:\/\/www.ranimo.de\/index.php\/wp-json\/wp\/v2\/pages\/232\/revisions\/241"}],"wp:attachment":[{"href":"https:\/\/www.ranimo.de\/index.php\/wp-json\/wp\/v2\/media?parent=232"}],"curies":[{"name":"wp","href":"https:\/\/api.w.org\/{rel}","templated":true}]}}