{"id":88,"date":"2019-10-03T01:02:06","date_gmt":"2019-10-02T23:02:06","guid":{"rendered":"https:\/\/www.ranimo.de\/?page_id=88"},"modified":"2020-02-21T08:26:53","modified_gmt":"2020-02-21T07:26:53","slug":"philosophie","status":"publish","type":"page","link":"https:\/\/www.ranimo.de\/index.php\/philosophie\/","title":{"rendered":"Philosophie"},"content":{"rendered":"\n<figure class=\"wp-block-image is-resized\"><img loading=\"lazy\" decoding=\"async\" src=\"https:\/\/www.ranimo.de\/wp-content\/uploads\/2019\/07\/RANIMO_Logo-1.png\" alt=\"RANIMO Logo\" class=\"wp-image-31\" width=\"150\" height=\"150\"\/><figcaption>RANIMO e.V.<\/figcaption><\/figure>\n\n\n\n<p>Wir wollen leben auf unserem Planeten &#8211; wir haben nur diesen. Wir wollen unsere Erde retten und sch\u00fctzen. Wir wollen uns umweltoptimiert und sicher bewegen. Wir wollen gesund bleiben.   <\/p>\n\n\n\n<p>Wir wollen das auch f\u00fcr unsere Kinder.  <\/p>\n\n\n\n<p>Wir schauen hin. Wir tun was. Wir  vermeiden M\u00fcll und verbannen Plastikm\u00fcll. Wir wollen gute Mobilit\u00e4t &#8211; mit umweltgerechten Ressourcen.  Wir  unterst\u00fctzen und entwickeln Verkehrskonzepte &#8211; richtungsweisend und fokussiert. Wir lieben das Fahrrad als sauberes Verkehrsmittel und  gesundes Sportger\u00e4t.  Auch zu Fu\u00df sind wir gern unterwegs. Im Auto nur, wenn&#8217;s sein muss.  Wir treiben, f\u00f6rdern und unterst\u00fctzen Sport und Sport-Events &#8211; mens sana in corpore sano. Wir sind Realisten und k\u00e4mpfen f\u00fcrs \u00dcberleben.<\/p>\n","protected":false},"excerpt":{"rendered":"<p>Wir wollen leben auf unserem Planeten &#8211; wir haben nur diesen. Wir wollen unsere Erde retten und sch\u00fctzen. Wir wollen uns umweltoptimiert und sicher bewegen. Wir wollen gesund bleiben. Wir wollen das auch f\u00fcr unsere Kinder. Wir schauen hin. Wir tun was. Wir vermeiden M\u00fcll und verbannen Plastikm\u00fcll. Wir wollen gute Mobilit\u00e4t &#8211; mit umweltgerechten [&hellip;]<\/p>\n","protected":false},"author":2,"featured_media":0,"parent":0,"menu_order":0,"comment_status":"closed","ping_status":"closed","template":"","meta":{"footnotes":""},"_links":{"self":[{"href":"https:\/\/www.ranimo.de\/index.php\/wp-json\/wp\/v2\/pages\/88"}],"collection":[{"href":"https:\/\/www.ranimo.de\/index.php\/wp-json\/wp\/v2\/pages"}],"about":[{"href":"https:\/\/www.ranimo.de\/index.php\/wp-json\/wp\/v2\/types\/page"}],"author":[{"embeddable":true,"href":"https:\/\/www.ranimo.de\/index.php\/wp-json\/wp\/v2\/users\/2"}],"replies":[{"embeddable":true,"href":"https:\/\/www.ranimo.de\/index.php\/wp-json\/wp\/v2\/comments?post=88"}],"version-history":[{"count":15,"href":"https:\/\/www.ranimo.de\/index.php\/wp-json\/wp\/v2\/pages\/88\/revisions"}],"predecessor-version":[{"id":195,"href":"https:\/\/www.ranimo.de\/index.php\/wp-json\/wp\/v2\/pages\/88\/revisions\/195"}],"wp:attachment":[{"href":"https:\/\/www.ranimo.de\/index.php\/wp-json\/wp\/v2\/media?parent=88"}],"curies":[{"name":"wp","href":"https:\/\/api.w.org\/{rel}","templated":true}]}}